{"id":261,"date":"2014-04-25T14:40:54","date_gmt":"2014-04-25T12:40:54","guid":{"rendered":"http:\/\/www.livemeshthemes.com\/invent?page_id=261"},"modified":"2026-04-13T11:27:06","modified_gmt":"2026-04-13T09:27:06","slug":"phdvaswork","status":"publish","type":"page","link":"https:\/\/dottorati.unimi.it\/vas\/phdvaswork\/","title":{"rendered":"PhDVAS@work"},"content":{"rendered":"<h4><strong>PhDVAS@work &#8211; Strumenti e informazioni per il vostro corso di PhD<\/strong><\/h4>\n<div class=\"toggle\"><div class=\"toggle-label\">Come utilizzare il budget di ricerca<\/div><div class=\"toggle-content\"><\/p>\n<p><strong>Come utilizzare il budget di ricerca<\/strong><\/p>\n<p>A ciascun dottorando \u00e8 assicurato un budget a copertura dei costi correlati all\u2019espletamento dell\u2019attivit\u00e0 di ricerca in Italia e all\u2019estero, di euro 1.650,00 all\u2019anno.<br \/>\nIl budget, o \u201cdote\u201d, assegnato al dottorando pu\u00f2 essere utilizzato per:<\/p>\n<p>\u2022 revisione linguistica di articoli inerenti il suo programma di ricerca e la tesi;<br \/>\n\u2022 article processing charge solo se il dottorando \u00e8 primo nome o corresponding e l\u2019articolo tratta di argomenti inerenti al suo programma di ricerca;<br \/>\n\u2022 materiali di consumo e inventariabili inerenti al programma di ricerca.<\/p>\n<p>La richiesta generalmente prevede o la presentazione di tre preventivi, o la richiesta di affidamento diretto.<\/p>\n<p>Per il pagamento della pubblicazione di un articolo, si ricorda ai dottorandi la possibilit\u00e0 di usufruire del Fondo di Ateneo APC per le politiche di Open Access.<\/p>\n<p>Per l\u2019acquisto \u00e8 necessario richiedere l\u2019autorizzazione del tutor e quella del Coordinatore del Dottorato (phdcourse.vas@unimi.it), mediante compilazione dell\u2019 <a href=\"https:\/\/unimibox.unimi.it\/index.php\/apps\/onlyoffice\/s\/kmbJrcBKtABZynB?fileId=46876767\">Allegato 2 &#8211; Autorizzazione acquisti di materiale e\/o di servizi<\/a>.<\/p>\n<p>Ottenute le autorizzazioni, il dottorando invier\u00e0 la richiesta a: <a href=\"mailto:amministrazione.vas@unimi.it\">amministrazione.vas@unimi.it<\/a>.<\/p>\n<p>Importante! Per qualsiasi tipo di acquisto non descritto sopra, prima di procedere autonomamente al pagamento, contattare la segreteria amministrativa (<a href=\"mailto:amministrazione.vas@unimi.it\">amministrazione.vas@unimi.it<\/a>) per conferma.<br \/>\nInoltre, prima di effettuare qualsiasi spesa, considerare l\u2019ammontare dei fondi ancora disponibili chiedendo alla Segreteria Amministrativa VAS (<a href=\"mailto:amministrazione.vas@unimi.it\">amministrazione.vas@unimi.it<\/a>), in modo da evitare spese che superino l\u2019importo disponibile.<\/p>\n<p><\/div><\/div>\n<div class=\"toggle\"><div class=\"toggle-label\">Procedure per richiedere una missione e rimborso spese per viaggi di ricerca<\/div><div class=\"toggle-content\"><\/p>\n<p><strong>Procedure per richiedere una missione e rimborso spese per viaggi di ricerca<br \/>\n<\/strong><\/p>\n<p>Richiedere l\u2019autorizzazione alla missione al Supervisore e Coordinatore utilizzando il modulo <a href=\"https:\/\/unimibox.unimi.it\/index.php\/apps\/onlyoffice\/s\/kmbJrcBKtABZynB?fileId=46876768\">Allegato 1 &#8211; Autorizzazione missione<\/a>.<\/p>\n<p><a href=\"https:\/\/dottorati.unimi.it\/vas\/wp-content\/uploads\/2024\/11\/MISSIONI-Breve-guida-per-dottorandi.pdf\">Missioni &#8211; Breve guida per dottorandi<\/a><\/p>\n<p>Inoltre, prima di programmare una missione, verificare l\u2019ammontare dei fondi disponibili chiedendo alla Segreteria Amministrativa VAS (<a href=\"mailto:amministrazione.vas@unimi.it\">amministrazione.vas@unimi.it<\/a>).<\/p>\n<p><strong>In caso di viaggi in aereo<\/strong><br \/>\nIn caso di viaggi in aereo, devono essere sempre allegate le carte di imbarco originali se il check-in \u00e8 avvenuto in aeroporto.<br \/>\nQuando il check-in viene effettuato online, si dovr\u00e0 consegnare la versione stampata delle carte di imbarco.<\/p>\n<p><strong>In caso di soggiorni all&#8217;estero superiori ai 10 giorni<\/strong><br \/>\nIn caso di soggiorni che prevedono una permanenza all\u2019estero superiore ai 10 gg, oltre alla richiesta dell\u2019autorizzazione \u00e8 possibile richiedere la <a href=\"https:\/\/www.unimi.it\/it\/studiare\/frequentare-un-corso-post-laurea\/dottorati-di-ricerca-phd\/borse-e-tasse\/maggiorazione-periodi-allestero\">maggiorazione della borsa di studio<\/a>, come descritto nel Regolamento d\u2019Ateneo in materia di dottorato di ricerca (art. 20 comma 5).<\/p>\n<p><strong>In tutti i casi<\/strong><br \/>\nLe spese sostenute durante lo svolgimento della missione (viaggio, vitto e alloggio, etc.) devono essere debitamente documentate.<br \/>\nLe spese sono rimborsate secondo i criteri e i limiti stabiliti nelle tabelle allegate al \u201c<a href=\"https:\/\/www.unimi.it\/it\/ateneo\/normative\/regolamenti\/regolamento-spese-di-missione-e-mobilita\">Regolamento missioni e rimborsi spese<\/a>\u201c, dove troverete, inoltre, la sintesi delle spese ammissibili alla tabella 1.<\/p>\n<p><\/div><\/div>\n<div class=\"toggle\"><div class=\"toggle-label\">Procedure per l'iscrizione a congressi, corsi o webinar<\/div><div class=\"toggle-content\"><\/p>\n<p><strong>Procedure per l&#8217;iscrizione a congressi, corsi o webinar<\/strong><\/p>\n<p>L\u2019iscrizione a un evento \u00e8 da considerarsi <strong>un acquisto di servizi<\/strong>, per cui deve essere effettuato mediante la segreteria amministrativa, <strong>almeno 30 giorni prima<\/strong> della chiusura delle iscrizioni all\u2019evento.<\/p>\n<p>Nel caso in cui <strong>la partecipazione a questi eventi avvenga nell\u2019ambito di una missione<\/strong>, \u00e8 <strong>sempre<\/strong> possibile anticipare il pagamento, e quindi richiedere il rimborso della quota di iscrizione mediante la richiesta di rimborso spese della missione stessa.<\/p>\n<p>Se la partecipazione a questi eventi <strong>non prevede lo svolgimento di una missione<\/strong> (es: webinar, corsi e convegni online), rientrando nell\u2019acquisto di beni e\/o servizi, il pagamento dell\u2019iscrizione all\u2019evento <strong>deve essere sempre effettuata dalla segreteria amministrativa<\/strong>. In questo caso non sono ammessi pagamenti personali con carta di credito o in altra forma (es. bonifico).<\/p>\n<p><\/div><\/div>\n<div class=\"toggle\"><div class=\"toggle-label\">Procedure per periodo di ricerca all\u2019estero<\/div><div class=\"toggle-content\"><\/p>\n<p><strong>Procedure per periodo di ricerca all&#8217;estero<\/strong><\/p>\n<p>L\u2019autorizzazione per il periodo di ricerca all\u2019estero viene descritta al seguente <a href=\"https:\/\/www.unimi.it\/it\/studiare\/frequentare-un-corso-post-laurea\/dottorati-di-ricerca-phd\/borse-e-tasse\/maggiorazione-periodi-allestero\">link<\/a> e deve essere richiesta tramite l\u2019<a href=\"https:\/\/unimibox.unimi.it\/index.php\/apps\/onlyoffice\/s\/kmbJrcBKtABZynB?fileId=47660944\">allegato Autorizzazione periodo estero<\/a>.<br \/>\nSi prega di compilare il modulo e inviarlo a <a href=\"mailto:phdcourse.vas@unimi.it\">phdcourse.vas@unimi.it<\/a>.<\/p>\n<p><\/div><\/div>\n<div class=\"toggle\"><div class=\"toggle-label\">Procedure per il passaggio di anno<\/div><div class=\"toggle-content\"><\/p>\n<p><strong>Modalit\u00e0 di ammissione all&#8217;anno successivo del corso di dottorato<\/strong><\/p>\n<p>Ogni studente deve inviare una relazione all&#8217;indirizzo <a href=\"mailto:phdcourse.vas@unimi.it\">phdcourse.vas@unimi.it<\/a> utilizzando il modulo &#8220;<a href=\"https:\/\/dottorati.unimi.it\/vas\/wp-content\/uploads\/2023\/06\/StudentAnnualReportForm.docx\"><strong>Student Annual Report<\/strong><\/a>&#8220;. I supervisori devono inviare una relazione utilizzando il modulo &#8220;<strong><a href=\"https:\/\/dottorati.unimi.it\/vas\/wp-content\/uploads\/2024\/08\/SupervisorAnnualReport.docx\">Supervisor Annual Report<\/a><\/strong>&#8220;. Entrambi i report saranno consegnati al proprio Internal Review Panel.<\/p>\n<p>Ogni dottorando deve contattare il proprio Internal Review Panel per un colloquio, dove presenter\u00e0 la sua attivit\u00e0 (PowerPoint) ed avr\u00e0 l&#8217;opportunit\u00e0 di rispondere alle domande del Panel.<\/p>\n<p>Dopo l&#8217;incontro, l\u2019Internal Review Panel compiler\u00e0 una breve relazione del colloquio, usando il modello <strong><a href=\"https:\/\/dottorati.unimi.it\/vas\/wp-content\/uploads\/2023\/12\/InternalReviewPanelForm.docx\">Internal Reviewer Panel<\/a><\/strong> che verr\u00e0 inviata all\u2019indirizzo <a href=\"mailto:phdcourse.vas@unimi.it\">phdcourse.vas@unimi.it<\/a>. La relazione verr\u00e0 condivisa con il Collegio dei Docenti di Dottorato con la proposta di ammettere o meno lo studente all&#8217;anno successivo, individuando eventuali debolezze da modificare nel corso dell&#8217;anno successivo. La relazione del Consiglio di Dottorato con l&#8217;approvazione sar\u00e0 sottoposta all&#8217;amministrazione del dottorato UNIMI, che attiver\u00e0 le procedure per l&#8217;ammissione all&#8217;anno successivo.<\/p>\n<p>In sintesi, queste sono le scadenze per gli studenti:<\/p>\n<table width=\"802\">\n<tbody>\n<tr>\n<td width=\"106\">Ciclo<\/td>\n<td width=\"389\">Termine per la presentazione del dottorato di ricerca e della relazione dei supervisori<\/td>\n<td width=\"307\">Termine per l&#8217;approvazione da parte del Consiglio<\/td>\n<\/tr>\n<tr>\n<td width=\"106\">40<sup>\u00b0<\/sup>\/ 41\u00b0<\/td>\n<td width=\"389\">1 settembre 2026<\/td>\n<td width=\"307\">25 settembre 2026<\/td>\n<\/tr>\n<tr>\n<td width=\"106\"><\/td>\n<td width=\"389\"><\/td>\n<td width=\"307\"><\/td>\n<\/tr>\n<\/tbody>\n<\/table>\n<p><\/div><\/div>\n<div class=\"toggle\"><div class=\"toggle-label\">Procedure per la presentazione e discussione della tesi<\/div><div class=\"toggle-content\"><\/p>\n<p><strong>Procedure per la discussione della tesi di dottorato<\/strong><\/p>\n<p>La discussione della tesi si articola in tre passaggi<\/p>\n<p><strong>1\u00b0 Presentazione della tesi al Collegio dei Docenti ed approvazione<\/strong><\/p>\n<p>La tesi di dottorato, corredata da un abstract, \u00e8 redatta in lingua inglese.<\/p>\n<p>La tesi, alla quale \u00e8 allegata una relazione finale del dottorando sulle attivit\u00e0 svolte nel corso del dottorato e sulle eventuali pubblicazioni (<a href=\"https:\/\/dottorati.unimi.it\/vas\/wp-content\/uploads\/2024\/02\/Form-1-Final-Report-of-the-three-years-activities-and-achievements-2.docx\"><strong>Form 1 &#8211; Final Report of the three years&#8217; activities and achievements<\/strong><\/a>), \u00e8 presentata entro la fine dell\u2019ultimo anno di corso al coordinatore, il quale la invia al gruppo di valutazione interna. Il gruppo di valutazione formula un giudizio che pu\u00f2 essere di:<\/p>\n<ol>\n<li>Approvazione della tesi nella presente versione<\/li>\n<li>Modifiche. In questo caso la tesi viene ri-inviata allo studente per le modifiche richieste utilizzando il seguente modello (<strong><a href=\"https:\/\/dottorati.unimi.it\/vas\/wp-content\/uploads\/2024\/02\/Form-2-Internal-panel-Thesis-evaluation-form-1.docx\">Form 2 &#8211; Internal panel Thesis evaluation form<\/a><\/strong>).<\/li>\n<\/ol>\n<p>Una volta redatta nella sua forma definitiva, il Collegio dei Docenti formula un giudizio sull\u2019attivit\u00e0 di ricerca.<br \/>\nLa tesi, con allegata la relazione del Collegio dei docenti, \u00e8 trasmessa ai docenti valutatori.<\/p>\n<p><strong>2\u00b0 Esame da parte dei valutatori esterni<\/strong><\/p>\n<p>La tesi \u00e8 esaminata da almeno due valutatori, di cui almeno uno \u00e8 un docente universitario, anche appartenenti ad istituzioni estere, esterni all\u2019Ateneo. I docenti valutatori vengono proposti dal supervisore e dal co-supervisore, e vengono approvati dal Collegio dei docenti del dottorato. Il coordinatore invia ai valutatori la tesi in formato word e pdf. I valutatori presentano la valutazione della tesi compilando il seguente modello (<strong><a href=\"https:\/\/dottorati.unimi.it\/vas\/wp-content\/uploads\/2024\/04\/Form-3-External-Reviewer-Thesis-Evaluation-Form.docx\">Form 3 &#8211; External Reviewer Thesis Evaluation Form<\/a><\/strong>) e ne propongono l\u2019ammissione alla discussione pubblica o il rinvio allo studente per un periodo non superiore a sei mesi, qualora ritengano necessario che la tesi debba essere integrata o corretta. Trascorsi i sei mesi, la tesi \u00e8 in ogni caso ammessa alla discussione pubblica, corredata da un nuovo parere scritto degli stessi valutatori, reso alla luce delle correzioni e\/o integrazioni eventualmente apportate.<\/p>\n<p><strong>3\u00b0 Discussione della tesi di dottorato<\/strong><\/p>\n<p>La discussione pubblica della tesi si svolge dinnanzi a una Commissione giudicatrice proposta dal Collegio dei docenti e nominata dal Rettore.\u00a0 La Commissione \u00e8 composta da tre componenti scelti tra i professori (almeno uno di prima fascia) e ricercatori universitari di ruolo. Almeno due componenti della Commissione devono appartenere a Universit\u00e0 non partecipanti al dottorato e non devono essere componenti del Collegio dei docenti. La presidenza della Commissione \u00e8 assunta dal professore di prima fascia.<\/p>\n<p>I dottorandi ammessi alla discussione pubblica da parte del Collegio dei docenti presentano, entro la data stabilita dagli Uffici dell\u2019Amministrazione Universitaria, domanda di ammissione all\u2019esame finale, come descritto dalla procedura prevista dalla sede &#8220;<a href=\"https:\/\/www.unimi.it\/it\/studiare\/frequentare-un-corso-post-laurea\/dottorati-di-ricerca-phd\/concludere-gli-studi-phd\">Concludere gli studi (PhD)<\/a>&#8220;.<\/p>\n<p>Non appena abbiano notizia dei nominativi dei componenti la Commissione giudicatrice, che deve essere approvata dal Consiglio del Collegio dei Docenti, i dottorandi provvedono, entro il termine che sar\u00e0 loro comunicato, a inviare ai commissari, in formato elettronico, la tesi e una copia della relazione (<strong><a href=\"https:\/\/dottorati.unimi.it\/vas\/wp-content\/uploads\/2024\/02\/Form-1-Final-Report-of-the-three-years-activities-and-achievements-2.docx\">Form 1 &#8211; Final Report of the three years&#8217; activities and achievements<\/a><\/strong>). La discussione della tesi pu\u00f2 avvenire sia in presenza che online.<\/p>\n<p>Per quello che riguarda le modalit\u00e0 con cui si espletano i lavori della Commissione, ed eventuali richieste di proroga, si rimanda al <a href=\"https:\/\/www.unimi.it\/sites\/default\/files\/regolamenti\/Regolamento%20in%20materia%20di%20dottorato%20di%20ricerca_2023_.pdf\"><strong>Regolamento di Ateneo<\/strong><\/a>.<\/p>\n<p><strong>Attribuzione titolo di Doctor Europaeeus<\/strong><\/p>\n<p>Lo studente deve farne richiesta al Collegio dei Docenti inviando una mail al Coordinatore (<a href=\"mailto:phdcourse.vas@unimi.it\">phdcourse.vas@unimi.it<\/a>) seguendo il <strong><a href=\"https:\/\/dottorati.unimi.it\/vas\/wp-content\/uploads\/2024\/11\/Form-4-Doctor-Europaeus-application-3.docx\">Form 4 &#8211; Doctor Europaeus application<\/a>.<\/strong><\/p>\n<p>Devono essere soddisfatte le condizioni stabilite dall&#8217;European University Association che prevedono che:<\/p>\n<ul>\n<li>i valutatori del lavoro di tesi appartengano a istituzioni universitarie di due diversi Paesi dell&#8217;Unione Europea; e che il giudizio sul lavoro di tesi espresso da tali valutatori sia positivo;<\/li>\n<li>almeno un componente della Commissione Giudicatrice appartenga a un\u2019altra Universit\u00e0 dell\u2019Unione Europea;<\/li>\n<li>la discussione della tesi si svolga in una lingua dell\u2019Unione europea diversa da quella italiana;<\/li>\n<li>la tesi sia elaborata a seguito di un soggiorno di ricerca, della durata di almeno un trimestre, da svolgersi in un altro Paese dell\u2019Unione Europea.<\/li>\n<\/ul>\n<p><\/div><\/div>\n<div class=\"toggle\"><div class=\"toggle-label\">Modulo richiesta autorizzazione attivit\u00e0 lavorativa extra-dottorato - a.a. 2025\/26<\/div><div class=\"toggle-content\"><\/p>\n<p>Autorizzazione a svolgere attivit\u00e0 lavorative esterne al dottorato.<br \/>\nLa richiesta dovr\u00e0 essere approvata dal Collegio Docenti, previo parere favorevole del tutore, e firmata dal <a href=\"https:\/\/dottorati.unimi.it\/vas\/organizzazione\/\">Coordinatore<\/a>.<\/p>\n<p><a href=\"https:\/\/unimibox.unimi.it\/index.php\/apps\/onlyoffice\/s\/kmbJrcBKtABZynB?fileId=53999813\"><strong>Modulo attivit\u00e0 lavorativa a.a. 2025\/2026<\/strong><\/a><\/p>\n<p><\/div><\/div>\n<div class=\"toggle\"><div class=\"toggle-label\">Creare un ORCID ed associarlo ad AIR (il catalogo dei prodotti della ricerca)<\/div><div class=\"toggle-content\"><\/p>\n<p><strong>Creare un ORCID ed associarlo ad AIR (il catalogo dei prodotti della ricerca)<\/strong><\/p>\n<p>AIR (Archivio Istituzionale della Ricerca) nasce nel 2006 con lo scopo di raccogliere, documentare e conservare le informazioni sulla produzione scientifica dell&#8217;Universit\u00e0 degli Studi di Milano e costituisce di fatto l&#8217;Anagrafe della ricerca dell&#8217;Ateneo.<br \/>\nPer ulteriori dettagli: <a href=\"https:\/\/air.unimi.it\/\">AIR<\/a><br \/>\nLe procedure per <strong>registrarsi in ORCID<\/strong> e collegarsi ad AIR si possono trovare in questa pagina: <a href=\"https:\/\/unimibox.unimi.it\/index.php\/s\/kmbJrcBKtABZynB?dir=\/Italiano&amp;openfile=true\">ORCID e servizi collegati<\/a><\/p>\n<p><\/div><\/div>\n<div class=\"toggle\"><div class=\"toggle-label\">Procedure attivazione VAS Seminar e VAS Talk <\/div><div class=\"toggle-content\"><\/p>\n<p><a href=\"https:\/\/unimibox.unimi.it\/index.php\/s\/kmbJrcBKtABZynB?dir=\/Italiano\/procedura%20attivazione%20VAS%20Seminar_2026\"><strong>Procedure attivazione VAS Seminar 2026<\/strong><\/a><\/p>\n<p><a href=\"https:\/\/unimibox.unimi.it\/index.php\/s\/kmbJrcBKtABZynB?dir=\/Italiano\/procedura%20attivazione%20VAS%20TALK_202604\"><strong>Procedure attivazione VAS Talk 2026<\/strong><\/a><\/p>\n<p><\/div><\/div>\n<div class=\"toggle\"><div class=\"toggle-label\">Risoluzione dei problemi<\/div><div class=\"toggle-content\"><\/p>\n<p><strong>Risoluzione dei problemi: quando uno studente ha bisogno.<\/strong><\/p>\n<p>Questioni istituzionali, comprese le regole e le procedure degli studi di dottorato.<\/p>\n<p>I rappresentanti del dottorato sono coloro che portano le questioni all\u2019attenzione della governance del dottorato. I dottorandi sono invitati a tenersi in stretto contatto con i rappresentanti che fanno anche parte del Consiglio di Dipartimento. I rappresentanti tengono riunioni di routine con il Coordinatore per discutere i problemi degli studenti e affrontarli. Per chiarimenti, problemi amministrativi o didattici, le altre figure istituzionali che devono essere contattate sono il personale amministrativo del dottorato o il Coordinatore agli indirizzi forniti nella pagina web <a href=\"https:\/\/dottorati.unimi.it\/vas\/contatti\/\"><strong>Contatti<\/strong><\/a>.<\/p>\n<p><strong>Problemi Personali<\/strong><em><br \/>\n<\/em><\/p>\n<p>Nel caso di questioni personali che non possono essere affrontate all&#8217;interno della zona di comfort della relazione con il supervisore e il co-supervisore, il dottorando <strong>pu\u00f2 contattare il Coordinatore<\/strong> al suo indirizzo di posta personale (<strong><a href=\"mailto:fabrizio.ceciliani@unimi.it\">fabrizio.ceciliani@unimi.it<\/a><\/strong>) chiedendo un colloquio.<br \/>\nSe il dottorando ritiene che il suo problema non possa essere gestito nell&#8217;area della governance del programma di dottorato, l\u2019Universit\u00e0 degli Studi di Milano offre il supporto di un difensore civico: &#8220;<a href=\"https:\/\/www.unimi.it\/it\/studiare\/servizi-gli-studenti\/diritti-salute-e-benessere\/garante-degli-studenti-e-dei-dottorandi\">Garante degli studenti e dei dottorandi<\/a>&#8220;.<\/p>\n<p><strong>Supporto Psicologico<\/strong><\/p>\n<p>Nel caso di necessit\u00e0 di supporto psicologico, il dottorando \u00e8 invitato a contattare il <a href=\"https:\/\/www.unimi.it\/it\/studiare\/servizi-gli-studenti\/servizio-counseling-studenti\">Servizio di Consulenza Individuale<\/a> dell&#8217;Universit\u00e0 degli Studi di Milano .<\/p>\n<p><\/div><\/div>\n<div class=\"toggle\"><div class=\"toggle-label\">Regolamento e leggi in materia di dottorati di ricerca<\/div><div class=\"toggle-content\"><\/p>\n<ul>\n<li><a href=\"https:\/\/www.unimi.it\/en\/node\/12575\"><strong>Regolamento d&#8217;Ateneo in materia di dottorati di ricerca<\/strong><\/a><\/li>\n<\/ul>\n<p><\/div><\/div>\n","protected":false},"excerpt":{"rendered":"<p>PhDVAS@work &#8211; Strumenti e informazioni per il vostro corso di PhD<\/p>\n","protected":false},"author":1,"featured_media":0,"parent":0,"menu_order":9,"comment_status":"closed","ping_status":"closed","template":"","meta":{"footnotes":""},"class_list":["post-261","page","type-page","status-publish","hentry"],"_links":{"self":[{"href":"https:\/\/dottorati.unimi.it\/vas\/wp-json\/wp\/v2\/pages\/261","targetHints":{"allow":["GET"]}}],"collection":[{"href":"https:\/\/dottorati.unimi.it\/vas\/wp-json\/wp\/v2\/pages"}],"about":[{"href":"https:\/\/dottorati.unimi.it\/vas\/wp-json\/wp\/v2\/types\/page"}],"author":[{"embeddable":true,"href":"https:\/\/dottorati.unimi.it\/vas\/wp-json\/wp\/v2\/users\/1"}],"replies":[{"embeddable":true,"href":"https:\/\/dottorati.unimi.it\/vas\/wp-json\/wp\/v2\/comments?post=261"}],"version-history":[{"count":110,"href":"https:\/\/dottorati.unimi.it\/vas\/wp-json\/wp\/v2\/pages\/261\/revisions"}],"predecessor-version":[{"id":16836,"href":"https:\/\/dottorati.unimi.it\/vas\/wp-json\/wp\/v2\/pages\/261\/revisions\/16836"}],"wp:attachment":[{"href":"https:\/\/dottorati.unimi.it\/vas\/wp-json\/wp\/v2\/media?parent=261"}],"curies":[{"name":"wp","href":"https:\/\/api.w.org\/{rel}","templated":true}]}}