{"id":3,"date":"2023-01-05T09:50:59","date_gmt":"2023-01-05T08:50:59","guid":{"rendered":"http:\/\/localhost\/dottorati.unimi.it\/vas\/?page_id=3"},"modified":"2026-03-13T14:49:21","modified_gmt":"2026-03-13T13:49:21","slug":"privacy-policy","status":"publish","type":"page","link":"https:\/\/dottorati.unimi.it\/vas\/privacy-policy\/","title":{"rendered":"Privacy e Cookie"},"content":{"rendered":"<div class=\"bodytext\">\n<h2>Informativa Privacy<\/h2>\n<p><strong>Premessa<\/strong><br \/>\nI sensi dell\u2019art. 13 del Regolamento (UE) 2016\/679 (Regolamento Generale sulla Protezione dei Dati o RGPD) del Parlamento Europeo e del consiglio relativo alla protezione delle persone fisiche con riguardo al trattamento dei dati personali, nonch\u00e9 alla libera circolazione di tali dati e che abroga la direttiva 95\/46\/CE, nonch\u00e9 del D. Lgs 196\/2003 e ss. mm. ii., l\u2019Universit\u00e0 degli Studi di Milano nel seguito indicata anche come \u201cAteneo\u201d) nella persona del Rettore pro tempore, informa gli utenti in merito all\u2019utilizzo dei dati personali che li riguardano da parte del sito <a title=\"https:\/\/dottorati.unimi.it\/vas\" href=\"https:\/\/dottorati.unimi.it\/vas\">https:\/\/dottorati.unimi.it\/vas<\/a> (di seguito anche \u201csito\u201d). Questa informativa \u00e8 resa in merito alla modalit\u00e0 di gestione del sito, in relazione al trattamento dei dati personali degli utenti che lo consultano, che scelgono di registrarsi e\/o che utilizzano servizi online proposti. Resta ferma l\u2019osservanza da parte dell\u2019Universit\u00e0 degli Studi di Milano della vigente normativa in materia di trasparenza e di pubblicazione obbligatoria di dati e documenti. La presente informativa \u00e8 limitata al sito e non ha valore per i siti esterni anche se accessibili a partire da link presenti sullo stesso.<\/p>\n<ol>\n<li><strong>Titolare del trattamento, Responsabile della protezione dei dati (RDP), Responsabile del trattamento<\/strong><br \/>\nTitolare del trattamento dei dati \u00e8 l\u2019Universit\u00e0 degli Studi di Milano, nella persona del Rettore pro tempore, via Festa del Perdono n. 7, 20122 Milano, e-mail <a title=\"infoprivacy@unimi.it\" href=\"mailto:infoprivacy@unimi.it\">infoprivacy@unimi.it<\/a>.<br \/>\nAi sensi degli artt. 37 e seguenti del Regolamento UE 2016\/679 (RGDP), l\u2019Ateneo ha nominato il Responsabile per la protezione dei dati (RPD) individuato nell\u2019Avv. Prof. Pierluigi Perri, c\/o Dipartimento \u201cCesare Beccaria\u201d, via Festa del Perdono n. 3, 20122 Milano, e-mail:<a title=\"dpo@pec.unimi.it\" href=\"mailto:dpo@pec.unimi.it\">dpo@pec.unimi.it<\/a>.<br \/>\nIl Responsabile del trattamento per il sito <a title=\"https:\/\/dottorati.unimi.it\/vas\" href=\"https:\/\/dottorati.unimi.it\/vas\">https:\/\/dottorati.unimi.it\/vas<\/a> \u00e8 la Direzione ICT, via Colombo 46, Milano.<\/li>\n<li><strong>Finalit\u00e0 e base giuridica del trattamento<\/strong><br \/>\nI dati personali che potrebbero essere trattati sono:<\/li>\n<li>indirizzo IP;<\/li>\n<li>tipo di browser e parametri del dispositivo usato per connettersi al sito;<\/li>\n<li>nome dell\u2019internet service provider (ISP);<\/li>\n<li>data ed orario di visita;<\/li>\n<li>pagina web di provenienza del visitatore (referral) e di uscita;<\/li>\n<li>eventuale numero di click;<\/li>\n<li>forniti volontariamente dall\u2019utente nell\u2019utilizzo di servizi on line proposti su sito;<\/li>\n<li>i dati forniti di volta in volta dagli utenti in relazione allo specifico servizio richiesto.<\/li>\n<li><strong>Tipi di dati trattati e cookie<\/strong><br \/>\nIl sito utilizza cookie e tecnologie simili per garantire il corretto funzionamento delle sue funzionalit\u00e0 e migliorare l\u2019esperienza dell\u2019utente. I cookie utilizzati sono classificati come segue:<\/p>\n<h4>1. Cookie funzionali (Functionality Cookies)<\/h4>\n<table>\n<thead>\n<tr>\n<th>Nome cookie<\/th>\n<th>Dominio<\/th>\n<th>Percorso<\/th>\n<th>Tipo<\/th>\n<th>Scadenza<\/th>\n<th>Descrizione<\/th>\n<\/tr>\n<\/thead>\n<tbody>\n<tr>\n<td>pll_language<\/td>\n<td>dottorati.unimi.it<\/td>\n<td>\/vas\/<\/td>\n<td>First-party<\/td>\n<td>1 anno<\/td>\n<td>Memorizza la lingua selezionata dall\u2019utente.<\/td>\n<\/tr>\n<\/tbody>\n<\/table>\n<h4>2. Cookie non classificati (Unclassified Cookies)<\/h4>\n<table>\n<thead>\n<tr>\n<th>Nome cookie<\/th>\n<th>Dominio<\/th>\n<th>Percorso<\/th>\n<th>Tipo<\/th>\n<th>Scadenza<\/th>\n<th>Descrizione<\/th>\n<\/tr>\n<\/thead>\n<tbody>\n<tr>\n<td>M-klXuBrhWHTFVtb<\/td>\n<td>dottorati.unimi.it<\/td>\n<td>\/vas\/<\/td>\n<td>First-party<\/td>\n<td>1 giorno<\/td>\n<td>&#8211;<\/td>\n<\/tr>\n<tr>\n<td>oLvWJfKFnBjelzuR<\/td>\n<td>dottorati.unimi.it<\/td>\n<td>\/vas\/<\/td>\n<td>First-party<\/td>\n<td>1 giorno<\/td>\n<td>&#8211;<\/td>\n<\/tr>\n<tr>\n<td>pzlZyMrDGsiJfb<\/td>\n<td>dottorati.unimi.it<\/td>\n<td>\/vas\/<\/td>\n<td>First-party<\/td>\n<td>1 giorno<\/td>\n<td>&#8211;<\/td>\n<\/tr>\n<tr>\n<td>APMKCZLcUkxugS<\/td>\n<td>dottorati.unimi.it<\/td>\n<td>\/vas\/<\/td>\n<td>First-party<\/td>\n<td>1 giorno<\/td>\n<td>&#8211;<\/td>\n<\/tr>\n<\/tbody>\n<\/table>\n<h4>3. Archiviazioni strettamente necessarie (Storages)<\/h4>\n<table>\n<thead>\n<tr>\n<th>Nome storage<\/th>\n<th>Tipo<\/th>\n<th>Categoria<\/th>\n<\/tr>\n<\/thead>\n<tbody>\n<tr>\n<td>_grecaptcha<\/td>\n<td>Local Storage<\/td>\n<td>Strictly Necessary<\/td>\n<\/tr>\n<tr>\n<td>hu-session<\/td>\n<td>Session Storage<\/td>\n<td>Strictly Necessary<\/td>\n<\/tr>\n<tr>\n<td>hu-config<\/td>\n<td>Session Storage<\/td>\n<td>Strictly Necessary<\/td>\n<\/tr>\n<\/tbody>\n<\/table>\n<\/li>\n<li><strong>Facoltativit\u00e0 del conferimento dei dati<\/strong><br \/>\nAlcuni dati richiesti (es. quelli per la registrazione) sono obbligatori e il loro mancato conferimento comporta l\u2019impossibilit\u00e0 di fornire il servizio richiesto. In modo analogo la mancata comunicazione di alcuni dati eventualmente richiesti per la sottoscrizione di servizi online pu\u00f2 comportare l\u2019impossibilit\u00e0 di fruire del servizio prescelto. I dati di registrazione e quelli di sottoscrizione sono conferiti volontariamente. Il soggetto che effettua la registrazione d\u00e0 liberamente il consenso al trattamento dei dati, consapevole che in assenza di tale consenso la registrazione e la sottoscrizione dei servizi non possono aver luogo. I trattamenti effettuati prima della revoca del consenso da parte dell\u2019interessato resteranno comunque validi.<\/li>\n<li><strong>Modalit\u00e0 del trattamento<\/strong><br \/>\nLa raccolta dei dati avviene nel rispetto dei principi di pertinenza, completezza e non eccedenza in relazione ai fini per i quali sono trattati. I dati personali conferiti sono trattati in osservanza dei principi di liceit\u00e0, correttezza e trasparenza, previsti dall\u2019articolo 5 RGPD, anche con l\u2019ausilio di strumenti informatici e telematici atti a memorizzare e gestire i dati stessi, e comunque in modo tale da garantirne la sicurezza e tutelare la massima riservatezza dell\u2019interessato. I dati possono essere oggetto di trattamento in forma anonima per lo svolgimento di attivit\u00e0 statistiche finalizzate al miglioramento dei servizi offerti.<\/li>\n<li><strong>Come disabilitare i cookie (opt out)<\/strong><br \/>\n\u00c8 possibile negare il consenso all\u2019utilizzo dei cookie selezionando l\u2019impostazione appropriata sul proprio browser: la navigazione non autenticata sul sito sar\u00e0 comunque disponibile in tutte le sue funzionalit\u00e0. Di seguito forniamo i link che spiegano come disabilitare i cookie per i browser pi\u00f9 diffusi:<\/li>\n<li><a title=\"Google Chrome Support\" href=\"https:\/\/support.google.com\/chrome\/answer\/95647?hl=it\">Google Chrome<\/a><\/li>\n<li><a title=\"Mozilla Firefox Support\" href=\"https:\/\/support.mozilla.org\/it\/kb\/Gestione%20dei%20cookie\">Mozilla Firefox<\/a><\/li>\n<li><a title=\"Internet Explorer Support\" href=\"https:\/\/support.microsoft.com\/it-it\/help\/17442\">Internet Explorer<\/a><\/li>\n<li><a title=\"Microsoft Edge Support\" href=\"https:\/\/support.microsoft.com\/it-it\/help\/4468242\/microsoft-edge-browsing-data-and-privacy-microsoft-privacy\">Microsoft Edge<\/a><\/li>\n<li><a title=\"Apple Safari Desktop Support\" href=\"https:\/\/support.apple.com\/it-it\/guide\/safari\/sfri11471\/mac\">Apple Safari (desktop)<\/a><\/li>\n<li><strong>Diritti dell\u2019interessato<\/strong><br \/>\nL\u2019Interessato pu\u00f2 proporre reclamo a un\u2019Autorit\u00e0 di controllo ed esercitare ai sensi degli artt. da 15 a 22 del RGPD il diritto di:<\/p>\n<ul>\n<li>proporre reclamo a un\u2019Autorit\u00e0 di controllo;<\/li>\n<li>chiedere ai contitolari del trattamento l&#8217;accesso ai dati personali che lo riguardano, la rettifica o la cancellazione degli stessi, la limitazione del trattamento;<\/li>\n<li>opporsi al trattamento;<\/li>\n<li>chiedere la portabilit\u00e0 dei dati, rivolgendosi ai seguenti contatti: Responsabile della Protezione dei Dati &#8211; e-mail: <a title=\"dpo@pec.unimi.it\" href=\"mailto:dpo@pec.unimi.it\">dpo@pec.unimi.it<\/a>.<\/li>\n<\/ul>\n<\/li>\n<li><strong>Modifiche alle informazioni<\/strong><br \/>\nLe presenti informazioni potrebbero subire delle modifiche nel tempo. Si consiglia, pertanto, di verificare che la versione a cui ci si riferisce sia la pi\u00f9 aggiornata possibile accedendo a questa pagina web.<\/li>\n<\/ol>\n<\/div>\n","protected":false},"excerpt":{"rendered":"<p>Informativa Privacy Premessa I sensi dell\u2019art. 13 del Regolamento (UE) 2016\/679 (Regolamento Generale sulla Protezione dei Dati o RGPD) del Parlamento Europeo e del consiglio relativo alla protezione delle persone [&hellip;]<\/p>\n","protected":false},"author":1,"featured_media":0,"parent":0,"menu_order":14,"comment_status":"closed","ping_status":"open","template":"template-1c.php","meta":{"footnotes":""},"class_list":["post-3","page","type-page","status-publish","hentry"],"_links":{"self":[{"href":"https:\/\/dottorati.unimi.it\/vas\/wp-json\/wp\/v2\/pages\/3","targetHints":{"allow":["GET"]}}],"collection":[{"href":"https:\/\/dottorati.unimi.it\/vas\/wp-json\/wp\/v2\/pages"}],"about":[{"href":"https:\/\/dottorati.unimi.it\/vas\/wp-json\/wp\/v2\/types\/page"}],"author":[{"embeddable":true,"href":"https:\/\/dottorati.unimi.it\/vas\/wp-json\/wp\/v2\/users\/1"}],"replies":[{"embeddable":true,"href":"https:\/\/dottorati.unimi.it\/vas\/wp-json\/wp\/v2\/comments?post=3"}],"version-history":[{"count":6,"href":"https:\/\/dottorati.unimi.it\/vas\/wp-json\/wp\/v2\/pages\/3\/revisions"}],"predecessor-version":[{"id":16753,"href":"https:\/\/dottorati.unimi.it\/vas\/wp-json\/wp\/v2\/pages\/3\/revisions\/16753"}],"wp:attachment":[{"href":"https:\/\/dottorati.unimi.it\/vas\/wp-json\/wp\/v2\/media?parent=3"}],"curies":[{"name":"wp","href":"https:\/\/api.w.org\/{rel}","templated":true}]}}